{"id":109,"date":"2013-12-21T15:18:00","date_gmt":"2013-12-21T13:18:00","guid":{"rendered":"http:\/\/dawastlbua.at\/?page_id=109"},"modified":"2014-02-09T21:33:35","modified_gmt":"2014-02-09T19:33:35","slug":"hdr","status":"publish","type":"page","link":"https:\/\/bertolucci-staging.lima-city.de\/?page_id=109","title":{"rendered":"HDR"},"content":{"rendered":"<p>Ein High Dynamic Range Image (HDRI, HDR-Bild, \u201eBild mit hohem Dynamikumfang\u201c) oder Hochkontrastbild ist ein digitales Bild, das gro\u00dfe Helligkeitsunterschiede detailreich wiedergibt. Digitale Bilder mit geringem Dynamikumfang werden als Low Dynamic Range Images oder LDR-Bilder bezeichnet.<\/p>\n<p>HDR-Bilder k\u00f6nnen von Spezialkameras aufgenommen, als 3D-Computergrafiken k\u00fcnstlich erzeugt oder aus einer Belichtungsreihe von Fotos mit niedrigem Dynamikumfang (low dynamic range, LDR) rekonstruiert werden. Bisher existieren nur wenige Ausgabeger\u00e4te, die zur Anzeige von HDR-Bildern f\u00e4hig sind. Auf herk\u00f6mmlichen Bildschirmen und Medien k\u00f6nnen sie nicht direkt dargestellt werden, sondern m\u00fcssen in LDR-Bilder umgewandelt werden, indem die Helligkeitskontraste des HDR-Bildes verringert werden. Dieser Vorgang wird Dynamikkompression (engl. tone mapping) genannt. Ungeachtet dieser Einschr\u00e4nkung k\u00f6nnen ausgehend von HDR-Bildern \u00dcber- und Unterbelichtungen vermieden, Bilddetails besser erhalten und weiterreichende Bildbearbeitungen vorgenommen werden. Nicht nur die Fotografie und Computergrafik, sondern auch Anwendungen wie die Medizin oder virtuelle Realit\u00e4t profitieren von diesen Vorteilen.<\/p>\n\n\n<link rel='stylesheet' href='https:\/\/bertolucci-staging.lima-city.de\/wp-content\/uploads\/wow-slider-plugin\/28\/style.css' type='text\/css' media='all' \/>\n<!-- Name: Wowslider28  -->\n\n<!-- Start WOWSlider.com BODY section -->\n<div id=\"wowslider-container28\">\n<div class=\"ws_images\"><ul>\n<li><img src=\"https:\/\/bertolucci-staging.lima-city.de\/wp-content\/uploads\/wow-slider-plugin\/28\/images\/wow_20090000_ottnang_050.jpg\" alt=\"WOW_2009-00-00_OTTNANG_050\" title=\"WOW_2009-00-00_OTTNANG_050\" id=\"wows28_0\"\/><\/li>\n<li><img src=\"https:\/\/bertolucci-staging.lima-city.de\/wp-content\/uploads\/wow-slider-plugin\/28\/images\/wow_bergern.jpg\" alt=\"WOW_BERGERN\" title=\"WOW_BERGERN\" id=\"wows28_1\"\/><\/li>\n<li><img src=\"https:\/\/bertolucci-staging.lima-city.de\/wp-content\/uploads\/wow-slider-plugin\/28\/images\/wow_die_drei_birnen.jpg\" alt=\"WOW_DIE DREI BIRNEN\" title=\"WOW_DIE DREI BIRNEN\" id=\"wows28_2\"\/><\/li>\n<li><img src=\"https:\/\/bertolucci-staging.lima-city.de\/wp-content\/uploads\/wow-slider-plugin\/28\/images\/wow_feuer_berm_hausruck1.jpg\" alt=\"WOW_FEUER \u00fcBER`M HAUSRUCK1\" title=\"WOW_FEUER \u00fcBER`M HAUSRUCK1\" id=\"wows28_3\"\/><\/li>\n<li><img src=\"https:\/\/bertolucci-staging.lima-city.de\/wp-content\/uploads\/wow-slider-plugin\/28\/images\/wow_getreidefeld.jpg\" alt=\"WOW_GETREIDEFELD\" title=\"WOW_GETREIDEFELD\" id=\"wows28_4\"\/><\/li>\n<li><img src=\"https:\/\/bertolucci-staging.lima-city.de\/wp-content\/uploads\/wow-slider-plugin\/28\/images\/wow_haagerblah.jpg\" alt=\"WOW_HAAGERBLAH\" title=\"WOW_HAAGERBLAH\" id=\"wows28_5\"\/><\/li>\n<li><img src=\"https:\/\/bertolucci-staging.lima-city.de\/wp-content\/uploads\/wow-slider-plugin\/28\/images\/wow_haagerblah_0.jpg\" alt=\"WOW_HAAGER-BLAH\" title=\"WOW_HAAGER-BLAH\" id=\"wows28_6\"\/><\/li>\n<li><img src=\"https:\/\/bertolucci-staging.lima-city.de\/wp-content\/uploads\/wow-slider-plugin\/28\/images\/wow_hafenlinz1.jpg\" alt=\"WOW_HAFEN-LINZ1\" title=\"WOW_HAFEN-LINZ1\" id=\"wows28_7\"\/><\/li>\n<li><img src=\"https:\/\/bertolucci-staging.lima-city.de\/wp-content\/uploads\/wow-slider-plugin\/28\/images\/wow_kircheottnang3.jpg\" alt=\"WOW_KIRCHEOTTNANG3\" title=\"WOW_KIRCHEOTTNANG3\" id=\"wows28_8\"\/><\/li>\n<li><img src=\"https:\/\/bertolucci-staging.lima-city.de\/wp-content\/uploads\/wow-slider-plugin\/28\/images\/wow_ottnangvomkhnberg1.jpg\" alt=\"WOW_OTTNANGVOMK\u00fcHNBERG1\" title=\"WOW_OTTNANGVOMK\u00fcHNBERG1\" id=\"wows28_9\"\/><\/li>\n<li><img src=\"https:\/\/bertolucci-staging.lima-city.de\/wp-content\/uploads\/wow-slider-plugin\/28\/images\/wow_pferdezaun.jpg\" alt=\"WOW_PFERDEZAUN\" title=\"WOW_PFERDEZAUN\" id=\"wows28_10\"\/><\/li>\n<li><img src=\"https:\/\/bertolucci-staging.lima-city.de\/wp-content\/uploads\/wow-slider-plugin\/28\/images\/wow_sonnenuntergang_ber_manning.jpg\" alt=\"WOW_SONNENUNTERGANG \u00fcBER MANNING\" title=\"WOW_SONNENUNTERGANG \u00fcBER MANNING\" id=\"wows28_11\"\/><\/li>\n<\/ul><\/div>\n<div class=\"ws_bullets\"><div>\n<a href=\"#\" title=\"WOW_2009-00-00_OTTNANG_050\"><img src=\"https:\/\/bertolucci-staging.lima-city.de\/wp-content\/uploads\/wow-slider-plugin\/28\/tooltips\/wow_20090000_ottnang_050.jpg\" alt=\"WOW_2009-00-00_OTTNANG_050\"\/>1<\/a>\n<a href=\"#\" title=\"WOW_BERGERN\"><img src=\"https:\/\/bertolucci-staging.lima-city.de\/wp-content\/uploads\/wow-slider-plugin\/28\/tooltips\/wow_bergern.jpg\" alt=\"WOW_BERGERN\"\/>2<\/a>\n<a href=\"#\" title=\"WOW_DIE DREI BIRNEN\"><img src=\"https:\/\/bertolucci-staging.lima-city.de\/wp-content\/uploads\/wow-slider-plugin\/28\/tooltips\/wow_die_drei_birnen.jpg\" alt=\"WOW_DIE DREI BIRNEN\"\/>3<\/a>\n<a href=\"#\" title=\"WOW_FEUER \u00fcBER`M HAUSRUCK1\"><img src=\"https:\/\/bertolucci-staging.lima-city.de\/wp-content\/uploads\/wow-slider-plugin\/28\/tooltips\/wow_feuer_berm_hausruck1.jpg\" alt=\"WOW_FEUER \u00fcBER`M HAUSRUCK1\"\/>4<\/a>\n<a href=\"#\" title=\"WOW_GETREIDEFELD\"><img src=\"https:\/\/bertolucci-staging.lima-city.de\/wp-content\/uploads\/wow-slider-plugin\/28\/tooltips\/wow_getreidefeld.jpg\" alt=\"WOW_GETREIDEFELD\"\/>5<\/a>\n<a href=\"#\" title=\"WOW_HAAGERBLAH\"><img src=\"https:\/\/bertolucci-staging.lima-city.de\/wp-content\/uploads\/wow-slider-plugin\/28\/tooltips\/wow_haagerblah.jpg\" alt=\"WOW_HAAGERBLAH\"\/>6<\/a>\n<a href=\"#\" title=\"WOW_HAAGER-BLAH\"><img src=\"https:\/\/bertolucci-staging.lima-city.de\/wp-content\/uploads\/wow-slider-plugin\/28\/tooltips\/wow_haagerblah_0.jpg\" alt=\"WOW_HAAGER-BLAH\"\/>7<\/a>\n<a href=\"#\" title=\"WOW_HAFEN-LINZ1\"><img src=\"https:\/\/bertolucci-staging.lima-city.de\/wp-content\/uploads\/wow-slider-plugin\/28\/tooltips\/wow_hafenlinz1.jpg\" alt=\"WOW_HAFEN-LINZ1\"\/>8<\/a>\n<a href=\"#\" title=\"WOW_KIRCHEOTTNANG3\"><img src=\"https:\/\/bertolucci-staging.lima-city.de\/wp-content\/uploads\/wow-slider-plugin\/28\/tooltips\/wow_kircheottnang3.jpg\" alt=\"WOW_KIRCHEOTTNANG3\"\/>9<\/a>\n<a href=\"#\" title=\"WOW_OTTNANGVOMK\u00fcHNBERG1\"><img src=\"https:\/\/bertolucci-staging.lima-city.de\/wp-content\/uploads\/wow-slider-plugin\/28\/tooltips\/wow_ottnangvomkhnberg1.jpg\" alt=\"WOW_OTTNANGVOMK\u00fcHNBERG1\"\/>10<\/a>\n<a href=\"#\" title=\"WOW_PFERDEZAUN\"><img src=\"https:\/\/bertolucci-staging.lima-city.de\/wp-content\/uploads\/wow-slider-plugin\/28\/tooltips\/wow_pferdezaun.jpg\" alt=\"WOW_PFERDEZAUN\"\/>11<\/a>\n<a href=\"#\" title=\"WOW_SONNENUNTERGANG \u00fcBER MANNING\"><img src=\"https:\/\/bertolucci-staging.lima-city.de\/wp-content\/uploads\/wow-slider-plugin\/28\/tooltips\/wow_sonnenuntergang_ber_manning.jpg\" alt=\"WOW_SONNENUNTERGANG \u00fcBER MANNING\"\/>12<\/a>\n<\/div><\/div>\n<span class=\"wsl\"><a href=\"http:\/\/wowslider.com\">Carousel CSS3<\/a> by WOWSlider.com v4.8<\/span>\n\t<a href=\"#\" class=\"ws_frame\"><\/a>\n\t<div class=\"ws_shadow\"><\/div>\n<\/div>\n<!-- End WOWSlider.com BODY section -->\n\n\n<script type='text\/javascript' src='https:\/\/bertolucci-staging.lima-city.de\/wp-content\/uploads\/wow-slider-plugin\/28\/script.js'><\/script>\n\n\n","protected":false},"excerpt":{"rendered":"<p>Ein High Dynamic Range Image (HDRI, HDR-Bild, \u201eBild mit hohem Dynamikumfang\u201c) oder Hochkontrastbild ist ein digitales Bild, das gro\u00dfe Helligkeitsunterschiede detailreich wiedergibt. Digitale Bilder mit geringem Dynamikumfang werden als Low Dynamic Range Images oder LDR-Bilder bezeichnet. HDR-Bilder k\u00f6nnen von Spezialkameras aufgenommen, als 3D-Computergrafiken k\u00fcnstlich erzeugt oder aus einer Belichtungsreihe von Fotos mit niedrigem Dynamikumfang (low [&hellip;]<\/p>\n","protected":false},"author":1,"featured_media":0,"parent":0,"menu_order":0,"comment_status":"closed","ping_status":"closed","template":"page-fullwidth.php","meta":[],"_links":{"self":[{"href":"https:\/\/bertolucci-staging.lima-city.de\/index.php?rest_route=\/wp\/v2\/pages\/109"}],"collection":[{"href":"https:\/\/bertolucci-staging.lima-city.de\/index.php?rest_route=\/wp\/v2\/pages"}],"about":[{"href":"https:\/\/bertolucci-staging.lima-city.de\/index.php?rest_route=\/wp\/v2\/types\/page"}],"author":[{"embeddable":true,"href":"https:\/\/bertolucci-staging.lima-city.de\/index.php?rest_route=\/wp\/v2\/users\/1"}],"replies":[{"embeddable":true,"href":"https:\/\/bertolucci-staging.lima-city.de\/index.php?rest_route=%2Fwp%2Fv2%2Fcomments&post=109"}],"version-history":[{"count":6,"href":"https:\/\/bertolucci-staging.lima-city.de\/index.php?rest_route=\/wp\/v2\/pages\/109\/revisions"}],"predecessor-version":[{"id":273,"href":"https:\/\/bertolucci-staging.lima-city.de\/index.php?rest_route=\/wp\/v2\/pages\/109\/revisions\/273"}],"wp:attachment":[{"href":"https:\/\/bertolucci-staging.lima-city.de\/index.php?rest_route=%2Fwp%2Fv2%2Fmedia&parent=109"}],"curies":[{"name":"wp","href":"https:\/\/api.w.org\/{rel}","templated":true}]}}