{"id":105,"date":"2013-12-21T15:17:33","date_gmt":"2013-12-21T14:17:33","guid":{"rendered":"http:\/\/dawastlbua.at\/?page_id=105"},"modified":"2019-03-14T21:59:20","modified_gmt":"2019-03-14T20:59:20","slug":"landschaft-3","status":"publish","type":"page","link":"https:\/\/bertolucci-staging.lima-city.de\/?page_id=105","title":{"rendered":"Landschaft"},"content":{"rendered":"<p>Und hier ein Spruch den ich auf einer Fotocommunity-Homepage entdeckt habe und f\u00fcr sich spricht!<br \/>\nFotografie ist die Trauer \u00fcber die verg\u00e4ngliche Zeit und das Bed\u00fcrfnis, einige Augenblicke festzuhalten &#8211;<br \/>\nes gibt formale Emotionen, hervorgerufen durch Licht oder Form, sentimentale oder sensuelle, die durch Menschen ausgel\u00f6st werden, und rein intellektuelle.<br \/>\nDie Fotografie kann sie vereinen und daraus neue schaffen &#8230;<br \/>\nFotografie ist unl\u00f6sbar mit der Zeit verkn\u00fcpft, die sie festh\u00e4lt, mit der Zeit, die zwischen den Fingern,<br \/>\nzwischen den Augenblicken zerrinnt, mit der Zeit der Dinge und Menschen,<br \/>\ndes Lichts und der Gef\u00fchle.<br \/>\nDie Zeit wird nie mehr das sein, was sie war.<\/p>\n<p>Jeanloup Sieff<br \/>\n\n\n<link rel='stylesheet' href='https:\/\/bertolucci-staging.lima-city.de\/wp-content\/uploads\/wow-slider-plugin\/21\/style.css' type='text\/css' media='all' \/>\n<!-- Name: Wowslider11  -->\n\n<!-- Start WOWSlider.com BODY section -->\n<div id=\"wowslider-container21\">\n<div class=\"ws_images\"><ul>\n<li><img src=\"https:\/\/bertolucci-staging.lima-city.de\/wp-content\/uploads\/wow-slider-plugin\/21\/images\/20090200_osttirol_024.jpg\" alt=\"2009-02-00_Osttirol_024\" title=\"2009-02-00_Osttirol_024\" id=\"wows21_0\"\/><\/li>\n<li><img src=\"https:\/\/bertolucci-staging.lima-city.de\/wp-content\/uploads\/wow-slider-plugin\/21\/images\/20090200_osttirol_130.jpg\" alt=\"2009-02-00_Osttirol_130\" title=\"2009-02-00_Osttirol_130\" id=\"wows21_1\"\/><\/li>\n<li><img src=\"https:\/\/bertolucci-staging.lima-city.de\/wp-content\/uploads\/wow-slider-plugin\/21\/images\/20090200_osttirol_131.jpg\" alt=\"2009-02-00_Osttirol_131\" title=\"2009-02-00_Osttirol_131\" id=\"wows21_2\"\/><\/li>\n<li><img src=\"https:\/\/bertolucci-staging.lima-city.de\/wp-content\/uploads\/wow-slider-plugin\/21\/images\/20090200_osttirol_133.jpg\" alt=\"2009-02-00_Osttirol_133\" title=\"2009-02-00_Osttirol_133\" id=\"wows21_3\"\/><\/li>\n<li><img src=\"https:\/\/bertolucci-staging.lima-city.de\/wp-content\/uploads\/wow-slider-plugin\/21\/images\/20100200_osttirol_0021.jpg\" alt=\"2010-02-00_Osttirol_002-1\" title=\"2010-02-00_Osttirol_002-1\" id=\"wows21_4\"\/><\/li>\n<li><img src=\"https:\/\/bertolucci-staging.lima-city.de\/wp-content\/uploads\/wow-slider-plugin\/21\/images\/20100200_osttirol_105.jpg\" alt=\"2010-02-00_Osttirol_105\" title=\"2010-02-00_Osttirol_105\" id=\"wows21_5\"\/><\/li>\n<li><img src=\"https:\/\/bertolucci-staging.lima-city.de\/wp-content\/uploads\/wow-slider-plugin\/21\/images\/20100200_osttirol_108.jpg\" alt=\"2010-02-00_Osttirol_108\" title=\"2010-02-00_Osttirol_108\" id=\"wows21_6\"\/><\/li>\n<li><img src=\"https:\/\/bertolucci-staging.lima-city.de\/wp-content\/uploads\/wow-slider-plugin\/21\/images\/20100207_hongar_bob_001.jpg\" alt=\"2010-02-07_Hongar_Bob_001\" title=\"2010-02-07_Hongar_Bob_001\" id=\"wows21_7\"\/><\/li>\n<li><img src=\"https:\/\/bertolucci-staging.lima-city.de\/wp-content\/uploads\/wow-slider-plugin\/21\/images\/20100207_hongar_bob_008.jpg\" alt=\"2010-02-07_Hongar_Bob_008\" title=\"2010-02-07_Hongar_Bob_008\" id=\"wows21_8\"\/><\/li>\n<li><img src=\"https:\/\/bertolucci-staging.lima-city.de\/wp-content\/uploads\/wow-slider-plugin\/21\/images\/20110111_eisstock_hckner_005.jpg\" alt=\"2011-01-11_Eisstock_H\u00f6ckner_005\" title=\"2011-01-11_Eisstock_H\u00f6ckner_005\" id=\"wows21_9\"\/><\/li>\n<li><img src=\"https:\/\/bertolucci-staging.lima-city.de\/wp-content\/uploads\/wow-slider-plugin\/21\/images\/20110111_eisstock_hckner_010.jpg\" alt=\"2011-01-11_Eisstock_H\u00f6ckner_010\" title=\"2011-01-11_Eisstock_H\u00f6ckner_010\" id=\"wows21_10\"\/><\/li>\n<li><img src=\"https:\/\/bertolucci-staging.lima-city.de\/wp-content\/uploads\/wow-slider-plugin\/21\/images\/20111231_sylvester_003.jpg\" alt=\"2011-12-31_Sylvester_003\" title=\"2011-12-31_Sylvester_003\" id=\"wows21_11\"\/><\/li>\n<li><img src=\"https:\/\/bertolucci-staging.lima-city.de\/wp-content\/uploads\/wow-slider-plugin\/21\/images\/20111231_sylvester_008.jpg\" alt=\"2011-12-31_Sylvester_008\" title=\"2011-12-31_Sylvester_008\" id=\"wows21_12\"\/><\/li>\n<li><img src=\"https:\/\/bertolucci-staging.lima-city.de\/wp-content\/uploads\/wow-slider-plugin\/21\/images\/20111231_sylvester_030.jpg\" alt=\"2011-12-31_Sylvester_030\" title=\"2011-12-31_Sylvester_030\" id=\"wows21_13\"\/><\/li>\n<li><img src=\"https:\/\/bertolucci-staging.lima-city.de\/wp-content\/uploads\/wow-slider-plugin\/21\/images\/20111231_sylvester_035.jpg\" alt=\"2011-12-31_Sylvester_035\" title=\"2011-12-31_Sylvester_035\" id=\"wows21_14\"\/><\/li>\n<\/ul><\/div>\n<div class=\"ws_bullets\"><div>\n<a href=\"#\" title=\"2009-02-00_Osttirol_024\"><img src=\"https:\/\/bertolucci-staging.lima-city.de\/wp-content\/uploads\/wow-slider-plugin\/21\/tooltips\/20090200_osttirol_024.jpg\" alt=\"2009-02-00_Osttirol_024\"\/>1<\/a>\n<a href=\"#\" title=\"2009-02-00_Osttirol_130\"><img src=\"https:\/\/bertolucci-staging.lima-city.de\/wp-content\/uploads\/wow-slider-plugin\/21\/tooltips\/20090200_osttirol_130.jpg\" alt=\"2009-02-00_Osttirol_130\"\/>2<\/a>\n<a href=\"#\" title=\"2009-02-00_Osttirol_131\"><img src=\"https:\/\/bertolucci-staging.lima-city.de\/wp-content\/uploads\/wow-slider-plugin\/21\/tooltips\/20090200_osttirol_131.jpg\" alt=\"2009-02-00_Osttirol_131\"\/>3<\/a>\n<a href=\"#\" title=\"2009-02-00_Osttirol_133\"><img src=\"https:\/\/bertolucci-staging.lima-city.de\/wp-content\/uploads\/wow-slider-plugin\/21\/tooltips\/20090200_osttirol_133.jpg\" alt=\"2009-02-00_Osttirol_133\"\/>4<\/a>\n<a href=\"#\" title=\"2010-02-00_Osttirol_002-1\"><img src=\"https:\/\/bertolucci-staging.lima-city.de\/wp-content\/uploads\/wow-slider-plugin\/21\/tooltips\/20100200_osttirol_0021.jpg\" alt=\"2010-02-00_Osttirol_002-1\"\/>5<\/a>\n<a href=\"#\" title=\"2010-02-00_Osttirol_105\"><img src=\"https:\/\/bertolucci-staging.lima-city.de\/wp-content\/uploads\/wow-slider-plugin\/21\/tooltips\/20100200_osttirol_105.jpg\" alt=\"2010-02-00_Osttirol_105\"\/>6<\/a>\n<a href=\"#\" title=\"2010-02-00_Osttirol_108\"><img src=\"https:\/\/bertolucci-staging.lima-city.de\/wp-content\/uploads\/wow-slider-plugin\/21\/tooltips\/20100200_osttirol_108.jpg\" alt=\"2010-02-00_Osttirol_108\"\/>7<\/a>\n<a href=\"#\" title=\"2010-02-07_Hongar_Bob_001\"><img src=\"https:\/\/bertolucci-staging.lima-city.de\/wp-content\/uploads\/wow-slider-plugin\/21\/tooltips\/20100207_hongar_bob_001.jpg\" alt=\"2010-02-07_Hongar_Bob_001\"\/>8<\/a>\n<a href=\"#\" title=\"2010-02-07_Hongar_Bob_008\"><img src=\"https:\/\/bertolucci-staging.lima-city.de\/wp-content\/uploads\/wow-slider-plugin\/21\/tooltips\/20100207_hongar_bob_008.jpg\" alt=\"2010-02-07_Hongar_Bob_008\"\/>9<\/a>\n<a href=\"#\" title=\"2011-01-11_Eisstock_H\u00f6ckner_005\"><img src=\"https:\/\/bertolucci-staging.lima-city.de\/wp-content\/uploads\/wow-slider-plugin\/21\/tooltips\/20110111_eisstock_hckner_005.jpg\" alt=\"2011-01-11_Eisstock_H\u00f6ckner_005\"\/>10<\/a>\n<a href=\"#\" title=\"2011-01-11_Eisstock_H\u00f6ckner_010\"><img src=\"https:\/\/bertolucci-staging.lima-city.de\/wp-content\/uploads\/wow-slider-plugin\/21\/tooltips\/20110111_eisstock_hckner_010.jpg\" alt=\"2011-01-11_Eisstock_H\u00f6ckner_010\"\/>11<\/a>\n<a href=\"#\" title=\"2011-12-31_Sylvester_003\"><img src=\"https:\/\/bertolucci-staging.lima-city.de\/wp-content\/uploads\/wow-slider-plugin\/21\/tooltips\/20111231_sylvester_003.jpg\" alt=\"2011-12-31_Sylvester_003\"\/>12<\/a>\n<a href=\"#\" title=\"2011-12-31_Sylvester_008\"><img src=\"https:\/\/bertolucci-staging.lima-city.de\/wp-content\/uploads\/wow-slider-plugin\/21\/tooltips\/20111231_sylvester_008.jpg\" alt=\"2011-12-31_Sylvester_008\"\/>13<\/a>\n<a href=\"#\" title=\"2011-12-31_Sylvester_030\"><img src=\"https:\/\/bertolucci-staging.lima-city.de\/wp-content\/uploads\/wow-slider-plugin\/21\/tooltips\/20111231_sylvester_030.jpg\" alt=\"2011-12-31_Sylvester_030\"\/>14<\/a>\n<a href=\"#\" title=\"2011-12-31_Sylvester_035\"><img src=\"https:\/\/bertolucci-staging.lima-city.de\/wp-content\/uploads\/wow-slider-plugin\/21\/tooltips\/20111231_sylvester_035.jpg\" alt=\"2011-12-31_Sylvester_035\"\/>15<\/a>\n<\/div><\/div>\n<span class=\"wsl\"><a href=\"http:\/\/wowslider.com\">Carousel CSS3<\/a> by WOWSlider.com v4.8<\/span>\n\t<a href=\"#\" class=\"ws_frame\"><\/a>\n\t<div class=\"ws_shadow\"><\/div>\n<\/div>\n<!-- End WOWSlider.com BODY section -->\n\n\n<script type='text\/javascript' src='https:\/\/bertolucci-staging.lima-city.de\/wp-content\/uploads\/wow-slider-plugin\/21\/script.js'><\/script>\n\n<\/p>\n","protected":false},"excerpt":{"rendered":"<p>Und hier ein Spruch den ich auf einer Fotocommunity-Homepage entdeckt habe und f\u00fcr sich spricht! Fotografie ist die Trauer \u00fcber die verg\u00e4ngliche Zeit und das Bed\u00fcrfnis, einige Augenblicke festzuhalten &#8211; es gibt formale Emotionen, hervorgerufen durch Licht oder Form, sentimentale oder sensuelle, die durch Menschen ausgel\u00f6st werden, und rein intellektuelle. Die Fotografie kann sie vereinen [&hellip;]<\/p>\n","protected":false},"author":1,"featured_media":0,"parent":0,"menu_order":0,"comment_status":"open","ping_status":"closed","template":"page-fullwidth.php","meta":[],"_links":{"self":[{"href":"https:\/\/bertolucci-staging.lima-city.de\/index.php?rest_route=\/wp\/v2\/pages\/105"}],"collection":[{"href":"https:\/\/bertolucci-staging.lima-city.de\/index.php?rest_route=\/wp\/v2\/pages"}],"about":[{"href":"https:\/\/bertolucci-staging.lima-city.de\/index.php?rest_route=\/wp\/v2\/types\/page"}],"author":[{"embeddable":true,"href":"https:\/\/bertolucci-staging.lima-city.de\/index.php?rest_route=\/wp\/v2\/users\/1"}],"replies":[{"embeddable":true,"href":"https:\/\/bertolucci-staging.lima-city.de\/index.php?rest_route=%2Fwp%2Fv2%2Fcomments&post=105"}],"version-history":[{"count":13,"href":"https:\/\/bertolucci-staging.lima-city.de\/index.php?rest_route=\/wp\/v2\/pages\/105\/revisions"}],"predecessor-version":[{"id":272,"href":"https:\/\/bertolucci-staging.lima-city.de\/index.php?rest_route=\/wp\/v2\/pages\/105\/revisions\/272"}],"wp:attachment":[{"href":"https:\/\/bertolucci-staging.lima-city.de\/index.php?rest_route=%2Fwp%2Fv2%2Fmedia&parent=105"}],"curies":[{"name":"wp","href":"https:\/\/api.w.org\/{rel}","templated":true}]}}